{"id":736,"date":"2024-10-10T13:18:16","date_gmt":"2024-10-10T17:18:16","guid":{"rendered":"https:\/\/quanrg.lrgstaging.com\/?page_id=736"},"modified":"2026-02-20T09:59:09","modified_gmt":"2026-02-20T17:59:09","slug":"products","status":"publish","type":"page","link":"https:\/\/quanergy.com\/de\/products\/","title":{"rendered":"Produkte"},"content":{"rendered":"<p><div class=\"fusion-fullwidth fullwidth-box fusion-builder-row-1 fusion-flex-container video-background has-pattern-background has-mask-background nonhundred-percent-fullwidth non-hundred-percent-height-scrolling\" style=\"--awb-border-radius-top-left:0px;--awb-border-radius-top-right:0px;--awb-border-radius-bottom-right:0px;--awb-border-radius-bottom-left:0px;--awb-margin-top:-60px;--awb-flex-wrap:wrap;\" ><div class=\"fullwidth-video\"><video preload=\"auto\" autoplay playsinline loop muted><source src=\"\/wp-content\/uploads\/applications2.mp4\" type=\"video\/mp4\"><\/video><\/div><div class=\"fusion-builder-row fusion-row fusion-flex-align-items-flex-start fusion-flex-justify-content-center fusion-flex-content-wrap\" style=\"max-width:1248px;margin-left: calc(-4% \/ 2 );margin-right: calc(-4% \/ 2 );\"><div class=\"fusion-layout-column fusion_builder_column fusion-builder-column-0 fusion_builder_column_1_1 1_1 fusion-flex-column\" style=\"--awb-bg-size:cover;--awb-width-large:100%;--awb-margin-top-large:0px;--awb-spacing-right-large:1.92%;--awb-margin-bottom-large:20px;--awb-spacing-left-large:1.92%;--awb-width-medium:100%;--awb-order-medium:0;--awb-spacing-right-medium:1.92%;--awb-spacing-left-medium:1.92%;--awb-width-small:100%;--awb-order-small:0;--awb-spacing-right-small:1.92%;--awb-spacing-left-small:1.92%;\"><div class=\"fusion-column-wrapper fusion-column-has-shadow fusion-flex-justify-content-flex-start fusion-content-layout-column\"><div class=\"fusion-title title fusion-title-1 fusion-sep-none fusion-title-center fusion-title-text fusion-title-size-one\" style=\"--awb-margin-top:80px;--awb-margin-bottom:80px;\"><h1 class=\"fusion-title-heading title-heading-center\" style=\"margin:0;\"><p><span style=\"color: #ffffff;\">LiDAR Products<br \/>\n<\/span><\/p><\/h1><\/div><\/div><\/div><\/div><\/div><div class=\"fusion-fullwidth fullwidth-box fusion-builder-row-2 fusion-flex-container has-pattern-background has-mask-background nonhundred-percent-fullwidth non-hundred-percent-height-scrolling\" style=\"--awb-border-radius-top-left:0px;--awb-border-radius-top-right:0px;--awb-border-radius-bottom-right:0px;--awb-border-radius-bottom-left:0px;--awb-background-color:var(--awb-color2);--awb-flex-wrap:wrap;\" ><div class=\"fusion-builder-row fusion-row fusion-flex-align-items-flex-start fusion-flex-content-wrap\" style=\"max-width:1248px;margin-left: calc(-4% \/ 2 );margin-right: calc(-4% \/ 2 );\"><div class=\"fusion-layout-column fusion_builder_column fusion-builder-column-1 fusion_builder_column_1_1 1_1 fusion-flex-column\" style=\"--awb-bg-size:cover;--awb-width-large:100%;--awb-margin-top-large:0px;--awb-spacing-right-large:1.92%;--awb-margin-bottom-large:20px;--awb-spacing-left-large:1.92%;--awb-width-medium:100%;--awb-order-medium:0;--awb-spacing-right-medium:1.92%;--awb-spacing-left-medium:1.92%;--awb-width-small:100%;--awb-order-small:0;--awb-spacing-right-small:1.92%;--awb-spacing-left-small:1.92%;\"><div class=\"fusion-column-wrapper fusion-column-has-shadow fusion-flex-justify-content-flex-start fusion-content-layout-column\"><div class=\"fusion-title title fusion-title-2 fusion-sep-none fusion-title-text fusion-title-size-two\" style=\"--awb-margin-top:30px;--awb-margin-bottom:0px;\"><h2 class=\"fusion-title-heading title-heading-left\" style=\"margin:0;\"><h2 class=\"mb40\">End-to-End LiDAR-Based Product Portfolio<\/h2><\/h2><\/div><div class=\"fusion-text fusion-text-1\" style=\"--awb-margin-top:-20px;\"><p class=\"animBox mb60 animated\">LiDAR sensors and smart sensing solutions designed from the ground up to offer the best in class \u2013 price, performance, reliability, size, weight, and power efficiency. Click on the product categories below to view product details!<\/p>\n<\/div><\/div><\/div><\/div><\/div><div class=\"fusion-fullwidth fullwidth-box fusion-builder-row-3 fusion-flex-container has-pattern-background has-mask-background nonhundred-percent-fullwidth non-hundred-percent-height-scrolling\" style=\"--awb-border-radius-top-left:0px;--awb-border-radius-top-right:0px;--awb-border-radius-bottom-right:0px;--awb-border-radius-bottom-left:0px;--awb-flex-wrap:wrap;\" ><div class=\"fusion-builder-row fusion-row fusion-flex-align-items-stretch fusion-flex-justify-content-center fusion-flex-content-wrap\" style=\"max-width:1248px;margin-left: calc(-4% \/ 2 );margin-right: calc(-4% \/ 2 );\"><div class=\"fusion-layout-column fusion_builder_column fusion-builder-column-2 fusion_builder_column_1_3 1_3 fusion-flex-column fusion-flex-align-self-stretch fusion-column-inner-bg-wrapper fusion-column-liftup-border\" style=\"--awb-padding-right:20px;--awb-padding-bottom:57px;--awb-padding-left:20px;--awb-inner-bg-size:cover;--awb-border-color:var(--awb-color5);--awb-inner-border-color:var(--awb-color5);--awb-border-top:1px;--awb-inner-border-top:1px;--awb-border-right:1px;--awb-inner-border-right:1px;--awb-border-bottom:3px;--awb-inner-border-bottom:3px;--awb-border-left:&amp;amp;#x60;1px;--awb-inner-border-left:&amp;amp;#x60;1px;--awb-border-style:solid;--awb-inner-border-style:solid;--awb-width-large:33.333333333333%;--awb-margin-top-large:0px;--awb-spacing-right-large:27.648%;--awb-margin-bottom-large:0px;--awb-spacing-left-large:5.76%;--awb-width-medium:33.333333333333%;--awb-order-medium:0;--awb-spacing-right-medium:27.648%;--awb-spacing-left-medium:5.76%;--awb-width-small:100%;--awb-order-small:0;--awb-spacing-right-small:1.92%;--awb-spacing-left-small:1.92%;\" data-scroll-devices=\"small-visibility,medium-visibility,large-visibility\"><span class=\"fusion-column-inner-bg hover-type-liftup\"><a class=\"fusion-column-anchor\" href=\"\/de\/products\/q-track\/\"><span class=\"fusion-column-inner-bg-image\"><\/span><\/a><\/span><div class=\"fusion-column-wrapper fusion-flex-justify-content-flex-start fusion-content-layout-column\"><div class=\"fusion-image-element\" style=\"text-align:center;--awb-margin-top:15px;--awb-max-width:200px;--awb-caption-title-font-family:var(--h2_typography-font-family);--awb-caption-title-font-weight:var(--h2_typography-font-weight);--awb-caption-title-font-style:var(--h2_typography-font-style);--awb-caption-title-size:var(--h2_typography-font-size);--awb-caption-title-transform:var(--h2_typography-text-transform);--awb-caption-title-line-height:var(--h2_typography-line-height);--awb-caption-title-letter-spacing:var(--h2_typography-letter-spacing);\"><span class=\"fusion-imageframe imageframe-none imageframe-1 hover-type-none\"><img decoding=\"async\" width=\"1010\" height=\"964\" alt=\"Q-Track software with 3 LiDAR sensor types\" title=\"Q-Track\" src=\"http:\/\/quanergy.com\/wp-content\/uploads\/Q-Track.png\" class=\"img-responsive wp-image-1450\" srcset=\"https:\/\/quanergy.com\/wp-content\/uploads\/Q-Track-200x191.png 200w, https:\/\/quanergy.com\/wp-content\/uploads\/Q-Track-400x382.png 400w, https:\/\/quanergy.com\/wp-content\/uploads\/Q-Track-600x573.png 600w, https:\/\/quanergy.com\/wp-content\/uploads\/Q-Track-800x764.png 800w, https:\/\/quanergy.com\/wp-content\/uploads\/Q-Track.png 1010w\" sizes=\"(max-width: 640px) 100vw, 400px\" \/><\/span><\/div><div class=\"fusion-text fusion-text-2\"><h3 class=\"animBox animated\" style=\"text-align: center;\"><\/h3>\n<h3 class=\"animBox animated\" style=\"text-align: center;\">Q-TRACK\u2122<\/h3>\n<\/div><div class=\"fusion-text fusion-text-3\"><p class=\"animBox animated\" style=\"text-align: center;\"><span style=\"color: var(--awb-text-color); font-family: var(--awb-text-font-family); font-size: var(--awb-font-size); font-style: var(--awb-text-font-style); font-weight: var(--awb-text-font-weight); letter-spacing: var(--awb-letter-spacing); text-transform: var(--awb-text-transform); background-color: var(--awb-bg-color-hover);\">3D LiDAR Solutions for Security, Smart Space, and Smart City applications<\/span><\/p>\n<\/div><\/div><\/div><div class=\"fusion-layout-column fusion_builder_column fusion-builder-column-3 fusion_builder_column_1_3 1_3 fusion-flex-column fusion-flex-align-self-stretch fusion-column-inner-bg-wrapper fusion-column-liftup-border\" style=\"--awb-padding-bottom:1px;--awb-inner-bg-size:cover;--awb-border-color:var(--awb-color5);--awb-inner-border-color:var(--awb-color5);--awb-border-top:1px;--awb-inner-border-top:1px;--awb-border-right:1px;--awb-inner-border-right:1px;--awb-border-bottom:3px;--awb-inner-border-bottom:3px;--awb-border-left:&amp;amp;amp;#x60;1px;--awb-inner-border-left:&amp;amp;amp;#x60;1px;--awb-border-style:solid;--awb-inner-border-style:solid;--awb-width-large:33.333333333333%;--awb-margin-top-large:0px;--awb-spacing-right-large:25.056%;--awb-margin-bottom-large:0px;--awb-spacing-left-large:5.76%;--awb-width-medium:33.333333333333%;--awb-order-medium:0;--awb-spacing-right-medium:25.056%;--awb-spacing-left-medium:5.76%;--awb-width-small:100%;--awb-order-small:0;--awb-spacing-right-small:1.92%;--awb-spacing-left-small:1.92%;\" data-scroll-devices=\"small-visibility,medium-visibility,large-visibility\"><span class=\"fusion-column-inner-bg hover-type-liftup\"><a class=\"fusion-column-anchor\" href=\"\/de\/products\/q-vision\/\"><span class=\"fusion-column-inner-bg-image\"><\/span><\/a><\/span><div class=\"fusion-column-wrapper fusion-flex-justify-content-flex-start fusion-content-layout-column\"><div class=\"fusion-image-element\" style=\"text-align:center;--awb-margin-top:40px;--awb-margin-bottom:35px;--awb-max-width:200px;--awb-caption-title-font-family:var(--h2_typography-font-family);--awb-caption-title-font-weight:var(--h2_typography-font-weight);--awb-caption-title-font-style:var(--h2_typography-font-style);--awb-caption-title-size:var(--h2_typography-font-size);--awb-caption-title-transform:var(--h2_typography-text-transform);--awb-caption-title-line-height:var(--h2_typography-line-height);--awb-caption-title-letter-spacing:var(--h2_typography-letter-spacing);\"><span class=\"fusion-imageframe imageframe-none imageframe-2 hover-type-none\"><img decoding=\"async\" width=\"400\" height=\"264\" alt=\"Quanergy F540 LiDAR\" title=\"Q-vision F540 720&#215;405\" src=\"http:\/\/quanergy.com\/wp-content\/uploads\/Q-vision-F540-720x405-1-e1731967325656.png\" class=\"img-responsive wp-image-1452\" srcset=\"https:\/\/quanergy.com\/wp-content\/uploads\/Q-vision-F540-720x405-1-e1731967325656-200x132.png 200w, https:\/\/quanergy.com\/wp-content\/uploads\/Q-vision-F540-720x405-1-e1731967325656.png 400w\" sizes=\"(max-width: 640px) 100vw, 400px\" \/><\/span><\/div><div class=\"fusion-text fusion-text-4\"><h3 class=\"paragraph\" style=\"text-align: center;\"><\/h3>\n<h3 class=\"paragraph\" style=\"text-align: center;\">Q-Vision\u2122<\/h3>\n<\/div><div class=\"fusion-text fusion-text-5\"><p class=\"paragraph\" style=\"text-align: center;\">Next-gen Industrial Solid-State <span style=\"color: var(--awb-text-color); font-family: var(--awb-text-font-family); font-size: var(--awb-font-size); font-style: var(--awb-text-font-style); font-weight: var(--awb-text-font-weight); letter-spacing: var(--awb-letter-spacing); text-transform: var(--awb-text-transform); background-color: var(--awb-bg-color);\">iToF LiDAR<\/span><\/p>\n<\/div><\/div><\/div><div class=\"fusion-layout-column fusion_builder_column fusion-builder-column-4 fusion_builder_column_1_3 1_3 fusion-flex-column fusion-flex-align-self-stretch fusion-column-inner-bg-wrapper fusion-column-liftup-border\" style=\"--awb-inner-bg-size:cover;--awb-border-color:var(--awb-color5);--awb-inner-border-color:var(--awb-color5);--awb-border-top:1px;--awb-inner-border-top:1px;--awb-border-right:1px;--awb-inner-border-right:1px;--awb-border-bottom:3px;--awb-inner-border-bottom:3px;--awb-border-left:&amp;amp;#x60;1px;--awb-inner-border-left:&amp;amp;#x60;1px;--awb-border-style:solid;--awb-inner-border-style:solid;--awb-width-large:33.333333333333%;--awb-margin-top-large:0px;--awb-spacing-right-large:25.632%;--awb-margin-bottom-large:0px;--awb-spacing-left-large:5.76%;--awb-width-medium:33.333333333333%;--awb-order-medium:0;--awb-spacing-right-medium:25.632%;--awb-spacing-left-medium:5.76%;--awb-width-small:100%;--awb-order-small:0;--awb-spacing-right-small:1.92%;--awb-spacing-left-small:1.92%;\" data-scroll-devices=\"small-visibility,medium-visibility,large-visibility\"><span class=\"fusion-column-inner-bg hover-type-liftup\"><a class=\"fusion-column-anchor\" href=\"http:\/\/quanergy.com\/de\/products\/m-series\/\"><span class=\"fusion-column-inner-bg-image\"><\/span><\/a><\/span><div class=\"fusion-column-wrapper fusion-flex-justify-content-flex-start fusion-content-layout-column\"><div class=\"fusion-image-element\" style=\"text-align:center;--awb-margin-top:15px;--awb-max-width:200px;--awb-caption-title-font-family:var(--h2_typography-font-family);--awb-caption-title-font-weight:var(--h2_typography-font-weight);--awb-caption-title-font-style:var(--h2_typography-font-style);--awb-caption-title-size:var(--h2_typography-font-size);--awb-caption-title-transform:var(--h2_typography-text-transform);--awb-caption-title-line-height:var(--h2_typography-line-height);--awb-caption-title-letter-spacing:var(--h2_typography-letter-spacing);\"><span class=\"fusion-imageframe imageframe-none imageframe-3 hover-type-none\"><img decoding=\"async\" width=\"300\" height=\"290\" alt=\"Quanergy F540 LiDAR\" title=\"m1edge2kombiniert-1\" src=\"http:\/\/quanergy.com\/wp-content\/uploads\/m1edge2combined-1-300x290.png\" class=\"img-responsive wp-image-716\" srcset=\"https:\/\/quanergy.com\/wp-content\/uploads\/m1edge2combined-1-200x194.png 200w, https:\/\/quanergy.com\/wp-content\/uploads\/m1edge2combined-1-400x387.png 400w, https:\/\/quanergy.com\/wp-content\/uploads\/m1edge2combined-1-600x581.png 600w, https:\/\/quanergy.com\/wp-content\/uploads\/m1edge2combined-1-800x774.png 800w, https:\/\/quanergy.com\/wp-content\/uploads\/m1edge2combined-1.png 992w\" sizes=\"(max-width: 640px) 100vw, 400px\" \/><\/span><\/div><div class=\"fusion-text fusion-text-6\"><h3 class=\"paragraph\" style=\"text-align: center;\">M-Serie<\/h3>\n<\/div><div class=\"fusion-text fusion-text-7\"><p style=\"text-align: center;\">LiDAR Solutions for Industrial and Security Applications<\/p>\n<\/div><\/div><\/div><\/div><\/div><\/p>","protected":false},"excerpt":{"rendered":"","protected":false},"author":1,"featured_media":0,"parent":0,"menu_order":0,"comment_status":"closed","ping_status":"closed","template":"100-width.php","meta":{"footnotes":""},"class_list":["post-736","page","type-page","status-publish","hentry"],"yoast_head":"<!-- This site is optimized with the Yoast SEO Premium plugin v26.8 (Yoast SEO v26.8) - https:\/\/yoast.com\/product\/yoast-seo-premium-wordpress\/ -->\n<title>3D LiDAR Security Solutions for Your Business - Quanergy Solutions Inc<\/title>\n<meta name=\"description\" content=\"Explore innovative 3D LiDAR security solutions that set new standards in performance and reliability for security and flow applications.\" \/>\n<meta name=\"robots\" content=\"index, follow, max-snippet:-1, max-image-preview:large, max-video-preview:-1\" \/>\n<link rel=\"canonical\" href=\"https:\/\/quanergy.com\/de\/products\/\" \/>\n<meta property=\"og:locale\" content=\"de_DE\" \/>\n<meta property=\"og:type\" content=\"article\" \/>\n<meta property=\"og:title\" content=\"Products\" \/>\n<meta property=\"og:description\" content=\"Explore innovative 3D LiDAR security solutions that set new standards in performance and reliability for security and flow applications.\" \/>\n<meta property=\"og:url\" content=\"https:\/\/quanergy.com\/de\/products\/\" \/>\n<meta property=\"og:site_name\" content=\"Quanergy Solutions Inc\" \/>\n<meta property=\"article:publisher\" content=\"https:\/\/www.facebook.com\/quanergy\" \/>\n<meta property=\"article:modified_time\" content=\"2026-02-20T17:59:09+00:00\" \/>\n<meta name=\"twitter:card\" content=\"summary_large_image\" \/>\n<meta name=\"twitter:site\" content=\"@quanergy\" \/>\n<meta name=\"twitter:label1\" content=\"Gesch\u00e4tzte Lesezeit\" \/>\n\t<meta name=\"twitter:data1\" content=\"1\u00a0Minute\" \/>\n<script type=\"application\/ld+json\" class=\"yoast-schema-graph\">{\"@context\":\"https:\/\/schema.org\",\"@graph\":[{\"@type\":\"WebPage\",\"@id\":\"https:\/\/quanergy.com\/products\/\",\"url\":\"https:\/\/quanergy.com\/products\/\",\"name\":\"3D LiDAR Security Solutions for Your Business - Quanergy Solutions Inc\",\"isPartOf\":{\"@id\":\"https:\/\/quanergy.com\/#website\"},\"datePublished\":\"2024-10-10T17:18:16+00:00\",\"dateModified\":\"2026-02-20T17:59:09+00:00\",\"description\":\"Explore innovative 3D LiDAR security solutions that set new standards in performance and reliability for security and flow applications.\",\"breadcrumb\":{\"@id\":\"https:\/\/quanergy.com\/products\/#breadcrumb\"},\"inLanguage\":\"de\",\"potentialAction\":[{\"@type\":\"ReadAction\",\"target\":[\"https:\/\/quanergy.com\/products\/\"]}]},{\"@type\":\"BreadcrumbList\",\"@id\":\"https:\/\/quanergy.com\/products\/#breadcrumb\",\"itemListElement\":[{\"@type\":\"ListItem\",\"position\":1,\"name\":\"Home\",\"item\":\"https:\/\/quanergy.com\/\"},{\"@type\":\"ListItem\",\"position\":2,\"name\":\"Products\"}]},{\"@type\":\"WebSite\",\"@id\":\"https:\/\/quanergy.com\/#website\",\"url\":\"https:\/\/quanergy.com\/\",\"name\":\"Quanergy Solutions Inc\",\"description\":\"3D LiDAR Solutions for Security and Industrial Uses\",\"publisher\":{\"@id\":\"https:\/\/quanergy.com\/#organization\"},\"potentialAction\":[{\"@type\":\"SearchAction\",\"target\":{\"@type\":\"EntryPoint\",\"urlTemplate\":\"https:\/\/quanergy.com\/?s={search_term_string}\"},\"query-input\":{\"@type\":\"PropertyValueSpecification\",\"valueRequired\":true,\"valueName\":\"search_term_string\"}}],\"inLanguage\":\"de\"},{\"@type\":[\"Organization\",\"Place\"],\"@id\":\"https:\/\/quanergy.com\/#organization\",\"name\":\"Quanergy Solutions\",\"url\":\"https:\/\/quanergy.com\/\",\"logo\":{\"@id\":\"https:\/\/quanergy.com\/products\/#local-main-organization-logo\"},\"image\":{\"@id\":\"https:\/\/quanergy.com\/products\/#local-main-organization-logo\"},\"sameAs\":[\"https:\/\/www.facebook.com\/quanergy\",\"https:\/\/x.com\/quanergy\"],\"description\":\"Quanergy transforms motion into intelligence with 3D LiDAR-powered solutions that help organizations see beyond camera-only limitations, reduce false alarms, and drive operational excellence. Solutions span datacenters, critical infrastructure, transportation, smart spaces, and industrial automation, with privacy-safe analytics and deep ecosystem integrations.\",\"legalName\":\"Quanergy Solutions Inc.\",\"foundingDate\":\"2023-02-14\",\"numberOfEmployees\":{\"@type\":\"QuantitativeValue\",\"minValue\":\"11\",\"maxValue\":\"50\"},\"telephone\":[],\"openingHoursSpecification\":[{\"@type\":\"OpeningHoursSpecification\",\"dayOfWeek\":[\"Monday\",\"Tuesday\",\"Wednesday\",\"Thursday\",\"Friday\",\"Saturday\",\"Sunday\"],\"opens\":\"09:00\",\"closes\":\"17:00\"}]},{\"@type\":\"ImageObject\",\"inLanguage\":\"de\",\"@id\":\"https:\/\/quanergy.com\/products\/#local-main-organization-logo\",\"url\":\"https:\/\/quanergy.com\/wp-content\/uploads\/Quanergy-Solutions.png\",\"contentUrl\":\"https:\/\/quanergy.com\/wp-content\/uploads\/Quanergy-Solutions.png\",\"width\":696,\"height\":696,\"caption\":\"Quanergy Solutions\"}]}<\/script>\n<!-- \/ Yoast SEO Premium plugin. -->","yoast_head_json":{"title":"3D LiDAR Security Solutions for Your Business - Quanergy Solutions Inc","description":"Explore innovative 3D LiDAR security solutions that set new standards in performance and reliability for security and flow applications.","robots":{"index":"index","follow":"follow","max-snippet":"max-snippet:-1","max-image-preview":"max-image-preview:large","max-video-preview":"max-video-preview:-1"},"canonical":"https:\/\/quanergy.com\/de\/products\/","og_locale":"de_DE","og_type":"article","og_title":"Products","og_description":"Explore innovative 3D LiDAR security solutions that set new standards in performance and reliability for security and flow applications.","og_url":"https:\/\/quanergy.com\/de\/products\/","og_site_name":"Quanergy Solutions Inc","article_publisher":"https:\/\/www.facebook.com\/quanergy","article_modified_time":"2026-02-20T17:59:09+00:00","twitter_card":"summary_large_image","twitter_site":"@quanergy","twitter_misc":{"Gesch\u00e4tzte Lesezeit":"1\u00a0Minute"},"schema":{"@context":"https:\/\/schema.org","@graph":[{"@type":"WebPage","@id":"https:\/\/quanergy.com\/products\/","url":"https:\/\/quanergy.com\/products\/","name":"3D LiDAR Security Solutions for Your Business - Quanergy Solutions Inc","isPartOf":{"@id":"https:\/\/quanergy.com\/#website"},"datePublished":"2024-10-10T17:18:16+00:00","dateModified":"2026-02-20T17:59:09+00:00","description":"Explore innovative 3D LiDAR security solutions that set new standards in performance and reliability for security and flow applications.","breadcrumb":{"@id":"https:\/\/quanergy.com\/products\/#breadcrumb"},"inLanguage":"de","potentialAction":[{"@type":"ReadAction","target":["https:\/\/quanergy.com\/products\/"]}]},{"@type":"BreadcrumbList","@id":"https:\/\/quanergy.com\/products\/#breadcrumb","itemListElement":[{"@type":"ListItem","position":1,"name":"Home","item":"https:\/\/quanergy.com\/"},{"@type":"ListItem","position":2,"name":"Products"}]},{"@type":"WebSite","@id":"https:\/\/quanergy.com\/#website","url":"https:\/\/quanergy.com\/","name":"Quanergy L\u00f6sungen Inc","description":"3D-LiDAR-L\u00f6sungen f\u00fcr Sicherheits- und Industriezwecke","publisher":{"@id":"https:\/\/quanergy.com\/#organization"},"potentialAction":[{"@type":"SearchAction","target":{"@type":"EntryPoint","urlTemplate":"https:\/\/quanergy.com\/?s={search_term_string}"},"query-input":{"@type":"PropertyValueSpecification","valueRequired":true,"valueName":"search_term_string"}}],"inLanguage":"de"},{"@type":["Organization","Place"],"@id":"https:\/\/quanergy.com\/#organization","name":"Quanergy Solutions","url":"https:\/\/quanergy.com\/","logo":{"@id":"https:\/\/quanergy.com\/products\/#local-main-organization-logo"},"image":{"@id":"https:\/\/quanergy.com\/products\/#local-main-organization-logo"},"sameAs":["https:\/\/www.facebook.com\/quanergy","https:\/\/x.com\/quanergy"],"description":"Quanergy transforms motion into intelligence with 3D LiDAR-powered solutions that help organizations see beyond camera-only limitations, reduce false alarms, and drive operational excellence. Solutions span datacenters, critical infrastructure, transportation, smart spaces, and industrial automation, with privacy-safe analytics and deep ecosystem integrations.","legalName":"Quanergy Solutions Inc.","foundingDate":"2023-02-14","numberOfEmployees":{"@type":"QuantitativeValue","minValue":"11","maxValue":"50"},"telephone":[],"openingHoursSpecification":[{"@type":"OpeningHoursSpecification","dayOfWeek":["Monday","Tuesday","Wednesday","Thursday","Friday","Saturday","Sunday"],"opens":"09:00","closes":"17:00"}]},{"@type":"ImageObject","inLanguage":"de","@id":"https:\/\/quanergy.com\/products\/#local-main-organization-logo","url":"https:\/\/quanergy.com\/wp-content\/uploads\/Quanergy-Solutions.png","contentUrl":"https:\/\/quanergy.com\/wp-content\/uploads\/Quanergy-Solutions.png","width":696,"height":696,"caption":"Quanergy Solutions"}]}},"_links":{"self":[{"href":"https:\/\/quanergy.com\/de\/wp-json\/wp\/v2\/pages\/736","targetHints":{"allow":["GET"]}}],"collection":[{"href":"https:\/\/quanergy.com\/de\/wp-json\/wp\/v2\/pages"}],"about":[{"href":"https:\/\/quanergy.com\/de\/wp-json\/wp\/v2\/types\/page"}],"author":[{"embeddable":true,"href":"https:\/\/quanergy.com\/de\/wp-json\/wp\/v2\/users\/1"}],"replies":[{"embeddable":true,"href":"https:\/\/quanergy.com\/de\/wp-json\/wp\/v2\/comments?post=736"}],"version-history":[{"count":35,"href":"https:\/\/quanergy.com\/de\/wp-json\/wp\/v2\/pages\/736\/revisions"}],"predecessor-version":[{"id":1863,"href":"https:\/\/quanergy.com\/de\/wp-json\/wp\/v2\/pages\/736\/revisions\/1863"}],"wp:attachment":[{"href":"https:\/\/quanergy.com\/de\/wp-json\/wp\/v2\/media?parent=736"}],"curies":[{"name":"wp","href":"https:\/\/api.w.org\/{rel}","templated":true}]}}