{"id":789,"date":"2024-10-11T16:35:58","date_gmt":"2024-10-11T20:35:58","guid":{"rendered":"https:\/\/quanrg.lrgstaging.com\/?page_id=789"},"modified":"2024-10-11T16:35:58","modified_gmt":"2024-10-11T20:35:58","slug":"resources","status":"publish","type":"page","link":"https:\/\/quanergy.com\/de\/resources\/","title":{"rendered":"Ressourcen"},"content":{"rendered":"","protected":false},"excerpt":{"rendered":"","protected":false},"author":1,"featured_media":0,"parent":0,"menu_order":0,"comment_status":"closed","ping_status":"closed","template":"100-width.php","meta":{"footnotes":""},"class_list":["post-789","page","type-page","status-publish","hentry"],"yoast_head":"<!-- This site is optimized with the Yoast SEO Premium plugin v26.8 (Yoast SEO v26.8) - https:\/\/yoast.com\/product\/yoast-seo-premium-wordpress\/ -->\n<title>Resources - Quanergy Solutions Inc<\/title>\n<meta name=\"robots\" content=\"index, follow, max-snippet:-1, max-image-preview:large, max-video-preview:-1\" \/>\n<link rel=\"canonical\" href=\"https:\/\/quanergy.com\/de\/resources\/\" \/>\n<meta property=\"og:locale\" content=\"de_DE\" \/>\n<meta property=\"og:type\" content=\"article\" \/>\n<meta property=\"og:title\" content=\"Resources\" \/>\n<meta property=\"og:url\" content=\"https:\/\/quanergy.com\/de\/resources\/\" \/>\n<meta property=\"og:site_name\" content=\"Quanergy Solutions Inc\" \/>\n<meta property=\"article:publisher\" content=\"https:\/\/www.facebook.com\/quanergy\" \/>\n<meta name=\"twitter:card\" content=\"summary_large_image\" \/>\n<meta name=\"twitter:site\" content=\"@quanergy\" \/>\n<script type=\"application\/ld+json\" class=\"yoast-schema-graph\">{\"@context\":\"https:\/\/schema.org\",\"@graph\":[{\"@type\":\"WebPage\",\"@id\":\"https:\/\/quanergy.com\/resources\/\",\"url\":\"https:\/\/quanergy.com\/resources\/\",\"name\":\"Resources - Quanergy Solutions Inc\",\"isPartOf\":{\"@id\":\"https:\/\/quanergy.com\/#website\"},\"datePublished\":\"2024-10-11T20:35:58+00:00\",\"breadcrumb\":{\"@id\":\"https:\/\/quanergy.com\/resources\/#breadcrumb\"},\"inLanguage\":\"de\",\"potentialAction\":[{\"@type\":\"ReadAction\",\"target\":[\"https:\/\/quanergy.com\/resources\/\"]}]},{\"@type\":\"BreadcrumbList\",\"@id\":\"https:\/\/quanergy.com\/resources\/#breadcrumb\",\"itemListElement\":[{\"@type\":\"ListItem\",\"position\":1,\"name\":\"Home\",\"item\":\"https:\/\/quanergy.com\/\"},{\"@type\":\"ListItem\",\"position\":2,\"name\":\"Resources\"}]},{\"@type\":\"WebSite\",\"@id\":\"https:\/\/quanergy.com\/#website\",\"url\":\"https:\/\/quanergy.com\/\",\"name\":\"Quanergy Solutions Inc\",\"description\":\"3D LiDAR Solutions for Security and Industrial Uses\",\"publisher\":{\"@id\":\"https:\/\/quanergy.com\/#organization\"},\"potentialAction\":[{\"@type\":\"SearchAction\",\"target\":{\"@type\":\"EntryPoint\",\"urlTemplate\":\"https:\/\/quanergy.com\/?s={search_term_string}\"},\"query-input\":{\"@type\":\"PropertyValueSpecification\",\"valueRequired\":true,\"valueName\":\"search_term_string\"}}],\"inLanguage\":\"de\"},{\"@type\":[\"Organization\",\"Place\"],\"@id\":\"https:\/\/quanergy.com\/#organization\",\"name\":\"Quanergy Solutions\",\"url\":\"https:\/\/quanergy.com\/\",\"logo\":{\"@id\":\"https:\/\/quanergy.com\/resources\/#local-main-organization-logo\"},\"image\":{\"@id\":\"https:\/\/quanergy.com\/resources\/#local-main-organization-logo\"},\"sameAs\":[\"https:\/\/www.facebook.com\/quanergy\",\"https:\/\/x.com\/quanergy\"],\"description\":\"Quanergy transforms motion into intelligence with 3D LiDAR-powered solutions that help organizations see beyond camera-only limitations, reduce false alarms, and drive operational excellence. Solutions span datacenters, critical infrastructure, transportation, smart spaces, and industrial automation, with privacy-safe analytics and deep ecosystem integrations.\",\"legalName\":\"Quanergy Solutions Inc.\",\"foundingDate\":\"2023-02-14\",\"numberOfEmployees\":{\"@type\":\"QuantitativeValue\",\"minValue\":\"11\",\"maxValue\":\"50\"},\"telephone\":[],\"openingHoursSpecification\":[{\"@type\":\"OpeningHoursSpecification\",\"dayOfWeek\":[\"Monday\",\"Tuesday\",\"Wednesday\",\"Thursday\",\"Friday\",\"Saturday\",\"Sunday\"],\"opens\":\"09:00\",\"closes\":\"17:00\"}]},{\"@type\":\"ImageObject\",\"inLanguage\":\"de\",\"@id\":\"https:\/\/quanergy.com\/resources\/#local-main-organization-logo\",\"url\":\"https:\/\/quanergy.com\/wp-content\/uploads\/Quanergy-Solutions.png\",\"contentUrl\":\"https:\/\/quanergy.com\/wp-content\/uploads\/Quanergy-Solutions.png\",\"width\":696,\"height\":696,\"caption\":\"Quanergy Solutions\"}]}<\/script>\n<!-- \/ Yoast SEO Premium plugin. -->","yoast_head_json":{"title":"Resources - Quanergy Solutions Inc","robots":{"index":"index","follow":"follow","max-snippet":"max-snippet:-1","max-image-preview":"max-image-preview:large","max-video-preview":"max-video-preview:-1"},"canonical":"https:\/\/quanergy.com\/de\/resources\/","og_locale":"de_DE","og_type":"article","og_title":"Resources","og_url":"https:\/\/quanergy.com\/de\/resources\/","og_site_name":"Quanergy Solutions Inc","article_publisher":"https:\/\/www.facebook.com\/quanergy","twitter_card":"summary_large_image","twitter_site":"@quanergy","schema":{"@context":"https:\/\/schema.org","@graph":[{"@type":"WebPage","@id":"https:\/\/quanergy.com\/resources\/","url":"https:\/\/quanergy.com\/resources\/","name":"Resources - Quanergy Solutions Inc","isPartOf":{"@id":"https:\/\/quanergy.com\/#website"},"datePublished":"2024-10-11T20:35:58+00:00","breadcrumb":{"@id":"https:\/\/quanergy.com\/resources\/#breadcrumb"},"inLanguage":"de","potentialAction":[{"@type":"ReadAction","target":["https:\/\/quanergy.com\/resources\/"]}]},{"@type":"BreadcrumbList","@id":"https:\/\/quanergy.com\/resources\/#breadcrumb","itemListElement":[{"@type":"ListItem","position":1,"name":"Home","item":"https:\/\/quanergy.com\/"},{"@type":"ListItem","position":2,"name":"Resources"}]},{"@type":"WebSite","@id":"https:\/\/quanergy.com\/#website","url":"https:\/\/quanergy.com\/","name":"Quanergy L\u00f6sungen Inc","description":"3D-LiDAR-L\u00f6sungen f\u00fcr Sicherheits- und Industriezwecke","publisher":{"@id":"https:\/\/quanergy.com\/#organization"},"potentialAction":[{"@type":"SearchAction","target":{"@type":"EntryPoint","urlTemplate":"https:\/\/quanergy.com\/?s={search_term_string}"},"query-input":{"@type":"PropertyValueSpecification","valueRequired":true,"valueName":"search_term_string"}}],"inLanguage":"de"},{"@type":["Organization","Place"],"@id":"https:\/\/quanergy.com\/#organization","name":"Quanergy Solutions","url":"https:\/\/quanergy.com\/","logo":{"@id":"https:\/\/quanergy.com\/resources\/#local-main-organization-logo"},"image":{"@id":"https:\/\/quanergy.com\/resources\/#local-main-organization-logo"},"sameAs":["https:\/\/www.facebook.com\/quanergy","https:\/\/x.com\/quanergy"],"description":"Quanergy transforms motion into intelligence with 3D LiDAR-powered solutions that help organizations see beyond camera-only limitations, reduce false alarms, and drive operational excellence. Solutions span datacenters, critical infrastructure, transportation, smart spaces, and industrial automation, with privacy-safe analytics and deep ecosystem integrations.","legalName":"Quanergy Solutions Inc.","foundingDate":"2023-02-14","numberOfEmployees":{"@type":"QuantitativeValue","minValue":"11","maxValue":"50"},"telephone":[],"openingHoursSpecification":[{"@type":"OpeningHoursSpecification","dayOfWeek":["Monday","Tuesday","Wednesday","Thursday","Friday","Saturday","Sunday"],"opens":"09:00","closes":"17:00"}]},{"@type":"ImageObject","inLanguage":"de","@id":"https:\/\/quanergy.com\/resources\/#local-main-organization-logo","url":"https:\/\/quanergy.com\/wp-content\/uploads\/Quanergy-Solutions.png","contentUrl":"https:\/\/quanergy.com\/wp-content\/uploads\/Quanergy-Solutions.png","width":696,"height":696,"caption":"Quanergy Solutions"}]}},"_links":{"self":[{"href":"https:\/\/quanergy.com\/de\/wp-json\/wp\/v2\/pages\/789","targetHints":{"allow":["GET"]}}],"collection":[{"href":"https:\/\/quanergy.com\/de\/wp-json\/wp\/v2\/pages"}],"about":[{"href":"https:\/\/quanergy.com\/de\/wp-json\/wp\/v2\/types\/page"}],"author":[{"embeddable":true,"href":"https:\/\/quanergy.com\/de\/wp-json\/wp\/v2\/users\/1"}],"replies":[{"embeddable":true,"href":"https:\/\/quanergy.com\/de\/wp-json\/wp\/v2\/comments?post=789"}],"version-history":[{"count":1,"href":"https:\/\/quanergy.com\/de\/wp-json\/wp\/v2\/pages\/789\/revisions"}],"predecessor-version":[{"id":790,"href":"https:\/\/quanergy.com\/de\/wp-json\/wp\/v2\/pages\/789\/revisions\/790"}],"wp:attachment":[{"href":"https:\/\/quanergy.com\/de\/wp-json\/wp\/v2\/media?parent=789"}],"curies":[{"name":"wp","href":"https:\/\/api.w.org\/{rel}","templated":true}]}}