{"id":1763,"date":"2024-12-09T10:33:33","date_gmt":"2024-12-09T14:33:33","guid":{"rendered":"https:\/\/quanrg.lrgstaging.com\/?page_id=1763"},"modified":"2024-12-09T11:22:43","modified_gmt":"2024-12-09T15:22:43","slug":"agv-amr-forklifts","status":"publish","type":"page","link":"https:\/\/quanergy.com\/fr\/applications\/industrial\/agv-amr-forklifts\/","title":{"rendered":"AGV AMR Chariots \u00e9l\u00e9vateurs"},"content":{"rendered":"<p><div class=\"fusion-fullwidth fullwidth-box fusion-builder-row-1 fusion-flex-container video-background has-pattern-background has-mask-background nonhundred-percent-fullwidth non-hundred-percent-height-scrolling\" style=\"--awb-border-radius-top-left:0px;--awb-border-radius-top-right:0px;--awb-border-radius-bottom-right:0px;--awb-border-radius-bottom-left:0px;--awb-margin-top:-60px;--awb-flex-wrap:wrap;\" ><div class=\"fullwidth-video\"><video preload=\"auto\" autoplay playsinline loop muted><source src=\"http:\/\/quanergy.com\/wp-content\/uploads\/3D-LiDAR-for-Industrial-Uses.mp4\" type=\"video\/mp4\"><\/video><\/div><div class=\"fusion-builder-row fusion-row fusion-flex-align-items-flex-start fusion-flex-justify-content-center fusion-flex-content-wrap\" style=\"max-width:1248px;margin-left: calc(-4% \/ 2 );margin-right: calc(-4% \/ 2 );\"><div class=\"fusion-layout-column fusion_builder_column fusion-builder-column-0 fusion_builder_column_1_1 1_1 fusion-flex-column\" style=\"--awb-bg-size:cover;--awb-width-large:100%;--awb-margin-top-large:0px;--awb-spacing-right-large:1.92%;--awb-margin-bottom-large:20px;--awb-spacing-left-large:1.92%;--awb-width-medium:100%;--awb-order-medium:0;--awb-spacing-right-medium:1.92%;--awb-spacing-left-medium:1.92%;--awb-width-small:100%;--awb-order-small:0;--awb-spacing-right-small:1.92%;--awb-spacing-left-small:1.92%;\"><div class=\"fusion-column-wrapper fusion-column-has-shadow fusion-flex-justify-content-flex-start fusion-content-layout-column\"><div class=\"fusion-title title fusion-title-1 fusion-sep-none fusion-title-center fusion-title-text fusion-title-size-one\" style=\"--awb-text-color:var(--awb-color1);--awb-margin-top:80px;\"><h1 class=\"fusion-title-heading title-heading-center\" style=\"margin:0;\"><h2 class=\"mb40\"><span style=\"color: #ffffff;\">Applications AGV\/AMR\/chariots \u00e9l\u00e9vateurs<br \/>\n<\/span><\/h2><\/h1><\/div><\/div><\/div><\/div><\/div><div class=\"fusion-fullwidth fullwidth-box fusion-builder-row-2 fusion-flex-container has-pattern-background has-mask-background nonhundred-percent-fullwidth non-hundred-percent-height-scrolling\" style=\"--awb-border-radius-top-left:0px;--awb-border-radius-top-right:0px;--awb-border-radius-bottom-right:0px;--awb-border-radius-bottom-left:0px;--awb-background-color:var(--awb-color2);--awb-flex-wrap:wrap;\" ><div class=\"fusion-builder-row fusion-row fusion-flex-align-items-center fusion-flex-content-wrap\" style=\"max-width:1248px;margin-left: calc(-4% \/ 2 );margin-right: calc(-4% \/ 2 );\"><div class=\"fusion-layout-column fusion_builder_column fusion-builder-column-1 fusion_builder_column_1_1 1_1 fusion-flex-column\" style=\"--awb-bg-size:cover;--awb-width-large:100%;--awb-margin-top-large:30px;--awb-spacing-right-large:1.92%;--awb-margin-bottom-large:20px;--awb-spacing-left-large:1.92%;--awb-width-medium:100%;--awb-order-medium:0;--awb-spacing-right-medium:1.92%;--awb-spacing-left-medium:1.92%;--awb-width-small:100%;--awb-order-small:0;--awb-spacing-right-small:1.92%;--awb-spacing-left-small:1.92%;\" data-scroll-devices=\"small-visibility,medium-visibility,large-visibility\"><div class=\"fusion-column-wrapper fusion-column-has-shadow fusion-flex-justify-content-flex-start fusion-content-layout-column\"><div class=\"fusion-title title fusion-title-2 fusion-sep-none fusion-title-text fusion-title-size-two\"><h2 class=\"fusion-title-heading title-heading-left\" style=\"margin:0;\">D\u00e9tection de l'\u00e9vitement des collisions<\/h2><\/div><div class=\"fusion-title title fusion-title-3 fusion-sep-none fusion-title-text fusion-title-size-three\"><h3 class=\"fusion-title-heading title-heading-left\" style=\"margin:0;\">Rendez vos op\u00e9rations AGV\/AMR\/chariots \u00e9l\u00e9vateurs plus s\u00fbres gr\u00e2ce \u00e0 un LiDAR 3D rentable et performant.<\/h3><\/div><\/div><\/div><div class=\"fusion-layout-column fusion_builder_column fusion-builder-column-2 fusion_builder_column_1_2 1_2 fusion-flex-column\" style=\"--awb-bg-size:cover;--awb-width-large:50%;--awb-margin-top-large:0px;--awb-spacing-right-large:3.84%;--awb-margin-bottom-large:20px;--awb-spacing-left-large:3.84%;--awb-width-medium:50%;--awb-order-medium:0;--awb-spacing-right-medium:3.84%;--awb-spacing-left-medium:3.84%;--awb-width-small:100%;--awb-order-small:0;--awb-spacing-right-small:1.92%;--awb-spacing-left-small:1.92%;\"><div class=\"fusion-column-wrapper fusion-column-has-shadow fusion-flex-justify-content-flex-start fusion-content-layout-column\"><div class=\"fusion-text fusion-text-1\" style=\"--awb-margin-top:-20px;\"><p>Le Q-Vision F540 est un capteur parfait pour mettre en \u0153uvre la d\u00e9tection anticollision. Gr\u00e2ce \u00e0 ses hautes performances et \u00e0 son nuage de points \u00e0 faible bruit, la d\u00e9tection des obstacles devient facile.<\/p>\n<p>Avec une port\u00e9e sup\u00e9rieure \u00e0 celle des autres capteurs compacts du march\u00e9, vous pouvez voir des objets peu r\u00e9fl\u00e9chissants (10%) jusqu'\u00e0 6 m\u00e8tres et 16 m\u00e8tres pour des objets tr\u00e8s r\u00e9fl\u00e9chissants (80%).<\/p>\n<p>En outre, le F540 dispose d'un excellent champ de vision, 110\u00b0x 90\u00b0 (horiz. x vert.), ce qui permet d'obtenir une excellente couverture avec un seul capteur.<\/p>\n<\/div><\/div><\/div><div class=\"fusion-layout-column fusion_builder_column fusion-builder-column-3 fusion_builder_column_1_2 1_2 fusion-flex-column fusion-flex-align-self-flex-start\" style=\"--awb-bg-size:cover;--awb-width-large:50%;--awb-margin-top-large:0px;--awb-spacing-right-large:3.84%;--awb-margin-bottom-large:20px;--awb-spacing-left-large:3.84%;--awb-width-medium:50%;--awb-order-medium:0;--awb-spacing-right-medium:3.84%;--awb-spacing-left-medium:3.84%;--awb-width-small:100%;--awb-order-small:0;--awb-spacing-right-small:1.92%;--awb-spacing-left-small:1.92%;\" data-scroll-devices=\"small-visibility,medium-visibility,large-visibility\"><div class=\"fusion-column-wrapper fusion-column-has-shadow fusion-flex-justify-content-flex-start fusion-content-layout-column\"><div class=\"fusion-image-element\" style=\"--awb-caption-title-font-family:var(--h2_typography-font-family);--awb-caption-title-font-weight:var(--h2_typography-font-weight);--awb-caption-title-font-style:var(--h2_typography-font-style);--awb-caption-title-size:var(--h2_typography-font-size);--awb-caption-title-transform:var(--h2_typography-text-transform);--awb-caption-title-line-height:var(--h2_typography-line-height);--awb-caption-title-letter-spacing:var(--h2_typography-letter-spacing);\"><span class=\"fusion-imageframe imageframe-none imageframe-1 hover-type-none\"><img decoding=\"async\" width=\"1024\" height=\"650\" alt=\"LiDAR collision avoidance detection example\" title=\"chariot \u00e9l\u00e9vateur-1\" src=\"http:\/\/quanergy.com\/wp-content\/uploads\/forklift-1-1024x650.png\" class=\"img-responsive wp-image-1764\" srcset=\"https:\/\/quanergy.com\/wp-content\/uploads\/forklift-1-200x127.png 200w, https:\/\/quanergy.com\/wp-content\/uploads\/forklift-1-400x254.png 400w, https:\/\/quanergy.com\/wp-content\/uploads\/forklift-1-600x381.png 600w, https:\/\/quanergy.com\/wp-content\/uploads\/forklift-1-800x508.png 800w, https:\/\/quanergy.com\/wp-content\/uploads\/forklift-1-1200x762.png 1200w, https:\/\/quanergy.com\/wp-content\/uploads\/forklift-1.png 1748w\" sizes=\"(max-width: 640px) 100vw, 600px\" \/><\/span><\/div><\/div><\/div><\/div><\/div><div class=\"fusion-fullwidth fullwidth-box fusion-builder-row-3 fusion-flex-container has-pattern-background has-mask-background nonhundred-percent-fullwidth non-hundred-percent-height-scrolling\" style=\"--awb-border-radius-top-left:0px;--awb-border-radius-top-right:0px;--awb-border-radius-bottom-right:0px;--awb-border-radius-bottom-left:0px;--awb-background-color:var(--awb-color2);--awb-flex-wrap:wrap;\" ><div class=\"fusion-builder-row fusion-row fusion-flex-align-items-center fusion-flex-content-wrap\" style=\"max-width:1248px;margin-left: calc(-4% \/ 2 );margin-right: calc(-4% \/ 2 );\"><div class=\"fusion-layout-column fusion_builder_column fusion-builder-column-4 fusion_builder_column_1_1 1_1 fusion-flex-column\" style=\"--awb-bg-size:cover;--awb-width-large:100%;--awb-margin-top-large:0px;--awb-spacing-right-large:1.92%;--awb-margin-bottom-large:20px;--awb-spacing-left-large:1.92%;--awb-width-medium:100%;--awb-order-medium:0;--awb-spacing-right-medium:1.92%;--awb-spacing-left-medium:1.92%;--awb-width-small:100%;--awb-order-small:0;--awb-spacing-right-small:1.92%;--awb-spacing-left-small:1.92%;\"><div class=\"fusion-column-wrapper fusion-column-has-shadow fusion-flex-justify-content-flex-start fusion-content-layout-column\"><div class=\"fusion-title title fusion-title-4 fusion-sep-none fusion-title-text fusion-title-size-two\"><h2 class=\"fusion-title-heading title-heading-left\" style=\"margin:0;\">Navigation AGV dans les \u00e9l\u00e9ments naturels<\/h2><\/div><\/div><\/div><div class=\"fusion-layout-column fusion_builder_column fusion-builder-column-5 fusion_builder_column_2_3 2_3 fusion-flex-column\" style=\"--awb-bg-size:cover;--awb-width-large:66.666666666667%;--awb-margin-top-large:0px;--awb-spacing-right-large:2.88%;--awb-margin-bottom-large:20px;--awb-spacing-left-large:2.88%;--awb-width-medium:66.666666666667%;--awb-order-medium:0;--awb-spacing-right-medium:2.88%;--awb-spacing-left-medium:2.88%;--awb-width-small:100%;--awb-order-small:0;--awb-spacing-right-small:1.92%;--awb-spacing-left-small:1.92%;\"><div class=\"fusion-column-wrapper fusion-column-has-shadow fusion-flex-justify-content-flex-start fusion-content-layout-column\"><div class=\"fusion-text fusion-text-2\" style=\"--awb-margin-top:-20px;\"><p>Le M1-Edge 2D LiDAR offre une pr\u00e9cision de mesure in\u00e9gal\u00e9e, un champ de vision de 360\u00b0 et une port\u00e9e de d\u00e9tection in\u00e9gal\u00e9e dans l'industrie. En outre, les capteurs M1 Edge LiDAR offrent des performances fiables, m\u00eame dans les environnements industriels difficiles, ind\u00e9pendamment des conditions d'\u00e9clairage. Tout ceci permet une navigation avanc\u00e9e et rentable des caract\u00e9ristiques naturelles pour de nombreuses applications autonomes, telles que les chariots \u00e9l\u00e9vateurs AGV ou les remorqueurs.<\/p>\n<\/div><\/div><\/div><\/div><\/div><div class=\"fusion-fullwidth fullwidth-box fusion-builder-row-4 fusion-flex-container has-pattern-background has-mask-background nonhundred-percent-fullwidth non-hundred-percent-height-scrolling\" style=\"--awb-border-radius-top-left:0px;--awb-border-radius-top-right:0px;--awb-border-radius-bottom-right:0px;--awb-border-radius-bottom-left:0px;--awb-margin-top:40px;--awb-flex-wrap:wrap;\" ><div class=\"fusion-builder-row fusion-row fusion-flex-align-items-stretch fusion-flex-justify-content-center fusion-flex-content-wrap\" style=\"max-width:1248px;margin-left: calc(-4% \/ 2 );margin-right: calc(-4% \/ 2 );\"><div class=\"fusion-layout-column fusion_builder_column fusion-builder-column-6 fusion_builder_column_1_3 1_3 fusion-flex-column fusion-flex-align-self-stretch fusion-column-inner-bg-wrapper\" style=\"--awb-inner-bg-size:cover;--awb-border-color:var(--awb-color4);--awb-border-top:2px;--awb-border-right:2px;--awb-border-bottom:4px;--awb-border-left:2px;--awb-border-style:solid;--awb-width-large:33.333333333333%;--awb-margin-top-large:0px;--awb-spacing-right-large:16.128%;--awb-margin-bottom-large:20px;--awb-spacing-left-large:5.76%;--awb-width-medium:33.333333333333%;--awb-order-medium:0;--awb-spacing-right-medium:16.128%;--awb-spacing-left-medium:5.76%;--awb-width-small:100%;--awb-order-small:0;--awb-spacing-right-small:1.92%;--awb-spacing-left-small:1.92%;\" data-scroll-devices=\"small-visibility,medium-visibility,large-visibility\"><span class=\"fusion-column-inner-bg hover-type-zoomin\"><a class=\"fusion-column-anchor\" href=\"http:\/\/quanergy.com\/fr\/products\/m-series\/\"><span class=\"fusion-column-inner-bg-image\"><\/span><\/a><\/span><div class=\"fusion-column-wrapper fusion-column-has-shadow fusion-flex-justify-content-space-between fusion-content-layout-column\"><div class=\"fusion-image-element\" style=\"text-align:center;--awb-margin-top:20px;--awb-max-width:200px;--awb-caption-title-font-family:var(--h2_typography-font-family);--awb-caption-title-font-weight:var(--h2_typography-font-weight);--awb-caption-title-font-style:var(--h2_typography-font-style);--awb-caption-title-size:var(--h2_typography-font-size);--awb-caption-title-transform:var(--h2_typography-text-transform);--awb-caption-title-line-height:var(--h2_typography-line-height);--awb-caption-title-letter-spacing:var(--h2_typography-letter-spacing);\"><span class=\"fusion-imageframe imageframe-none imageframe-2 hover-type-none\"><img decoding=\"async\" width=\"300\" height=\"290\" alt=\"Quanergy M-Series 3D and 2D LiDAR sensors shown together\" title=\"m1edge2combin\u00e9-1\" src=\"http:\/\/quanergy.com\/wp-content\/uploads\/m1edge2combined-1-300x290.png\" class=\"img-responsive wp-image-716\" srcset=\"https:\/\/quanergy.com\/wp-content\/uploads\/m1edge2combined-1-200x194.png 200w, https:\/\/quanergy.com\/wp-content\/uploads\/m1edge2combined-1-400x387.png 400w, https:\/\/quanergy.com\/wp-content\/uploads\/m1edge2combined-1-600x581.png 600w, https:\/\/quanergy.com\/wp-content\/uploads\/m1edge2combined-1-800x774.png 800w, https:\/\/quanergy.com\/wp-content\/uploads\/m1edge2combined-1.png 992w\" sizes=\"(max-width: 640px) 100vw, 400px\" \/><\/span><\/div><div class=\"fusion-title title fusion-title-5 fusion-sep-none fusion-title-center fusion-title-text fusion-title-size-four\" style=\"--awb-margin-top:25px;\"><h4 class=\"fusion-title-heading title-heading-center\" style=\"margin:0;\"><div style=\"text-align: center;\"><span style=\"color: var(--awb-text-color); font-family: var(--h4_typography-font-family); font-size: 1em; font-style: var(--h4_typography-font-style,normal); font-weight: var(--h4_typography-font-weight); letter-spacing: var(--h4_typography-letter-spacing); text-transform: var(--h4_typography-text-transform); background-color: var(--awb-bg-color);\">En savoir plus surM-Series\u2122<\/span><\/div><\/h4><\/div><\/div><\/div><div class=\"fusion-layout-column fusion_builder_column fusion-builder-column-7 fusion_builder_column_1_3 1_3 fusion-flex-column fusion-flex-align-self-stretch fusion-column-inner-bg-wrapper\" style=\"--awb-inner-bg-size:cover;--awb-border-color:var(--awb-color4);--awb-border-top:2px;--awb-border-right:2px;--awb-border-bottom:4px;--awb-border-left:2px;--awb-border-style:solid;--awb-width-large:33.333333333333%;--awb-margin-top-large:0px;--awb-spacing-right-large:23.904%;--awb-margin-bottom-large:20px;--awb-spacing-left-large:0%;--awb-width-medium:33.333333333333%;--awb-order-medium:0;--awb-spacing-right-medium:23.904%;--awb-spacing-left-medium:0%;--awb-width-small:100%;--awb-order-small:0;--awb-spacing-right-small:1.92%;--awb-spacing-left-small:1.92%;\" data-scroll-devices=\"small-visibility,medium-visibility,large-visibility\"><span class=\"fusion-column-inner-bg hover-type-zoomin\"><a class=\"fusion-column-anchor\" href=\"http:\/\/quanergy.com\/fr\/products\/q-vision\/\"><span class=\"fusion-column-inner-bg-image\"><\/span><\/a><\/span><div class=\"fusion-column-wrapper fusion-column-has-shadow fusion-flex-justify-content-space-between fusion-content-layout-column\"><div class=\"fusion-image-element\" style=\"text-align:center;--awb-margin-top:20px;--awb-max-width:250px;--awb-caption-title-font-family:var(--h2_typography-font-family);--awb-caption-title-font-weight:var(--h2_typography-font-weight);--awb-caption-title-font-style:var(--h2_typography-font-style);--awb-caption-title-size:var(--h2_typography-font-size);--awb-caption-title-transform:var(--h2_typography-text-transform);--awb-caption-title-line-height:var(--h2_typography-line-height);--awb-caption-title-letter-spacing:var(--h2_typography-letter-spacing);\"><span class=\"fusion-imageframe imageframe-none imageframe-3 hover-type-none\"><img decoding=\"async\" width=\"300\" height=\"198\" alt=\"Q-Vision F540 Sensor\" title=\"Q-vision F540 720\u00d7405\" src=\"http:\/\/quanergy.com\/wp-content\/uploads\/Q-vision-F540-720x405-1-e1731967325656-300x198.png\" class=\"img-responsive wp-image-1452\" srcset=\"https:\/\/quanergy.com\/wp-content\/uploads\/Q-vision-F540-720x405-1-e1731967325656-200x132.png 200w, https:\/\/quanergy.com\/wp-content\/uploads\/Q-vision-F540-720x405-1-e1731967325656.png 400w\" sizes=\"(max-width: 640px) 100vw, 300px\" \/><\/span><\/div><div class=\"fusion-title title fusion-title-6 fusion-sep-none fusion-title-text fusion-title-size-four\" style=\"--awb-margin-top:25px;\"><h4 class=\"fusion-title-heading title-heading-left\" style=\"margin:0;\"><div><\/div>\n<div><\/div>\n<div><\/div>\n<div style=\"text-align: center;\"><span style=\"color: var(--awb-text-color); font-family: var(--h4_typography-font-family); font-size: 1em; font-style: var(--h4_typography-font-style,normal); font-weight: var(--h4_typography-font-weight); letter-spacing: var(--h4_typography-letter-spacing); text-transform: var(--h4_typography-text-transform); background-color: var(--awb-bg-color);\">En savoir plus <\/span>Q-Vision\u2122<\/div><\/h4><\/div><\/div><\/div><\/div><\/div><\/p>","protected":false},"excerpt":{"rendered":"","protected":false},"author":1,"featured_media":0,"parent":744,"menu_order":0,"comment_status":"closed","ping_status":"closed","template":"100-width.php","meta":{"footnotes":""},"class_list":["post-1763","page","type-page","status-publish","hentry"],"yoast_head":"<!-- This site is optimized with the Yoast SEO Premium plugin v26.8 (Yoast SEO v26.8) - https:\/\/yoast.com\/product\/yoast-seo-premium-wordpress\/ -->\n<title>AGV AMR Forklifts - Quanergy Solutions Inc<\/title>\n<meta name=\"robots\" content=\"index, follow, max-snippet:-1, max-image-preview:large, max-video-preview:-1\" \/>\n<link rel=\"canonical\" href=\"https:\/\/quanergy.com\/fr\/applications\/industrial\/agv-amr-forklifts\/\" \/>\n<meta property=\"og:locale\" content=\"fr_FR\" \/>\n<meta property=\"og:type\" content=\"article\" \/>\n<meta property=\"og:title\" content=\"AGV AMR Forklifts\" \/>\n<meta property=\"og:url\" content=\"https:\/\/quanergy.com\/fr\/applications\/industrial\/agv-amr-forklifts\/\" \/>\n<meta property=\"og:site_name\" content=\"Quanergy Solutions Inc\" \/>\n<meta property=\"article:publisher\" content=\"https:\/\/www.facebook.com\/quanergy\" \/>\n<meta property=\"article:modified_time\" content=\"2024-12-09T15:22:43+00:00\" \/>\n<meta name=\"twitter:card\" content=\"summary_large_image\" \/>\n<meta name=\"twitter:site\" content=\"@quanergy\" \/>\n<meta name=\"twitter:label1\" content=\"Dur\u00e9e de lecture estim\u00e9e\" \/>\n\t<meta name=\"twitter:data1\" content=\"2 minutes\" \/>\n<script type=\"application\/ld+json\" class=\"yoast-schema-graph\">{\"@context\":\"https:\/\/schema.org\",\"@graph\":[{\"@type\":\"WebPage\",\"@id\":\"https:\/\/quanergy.com\/applications\/industrial\/agv-amr-forklifts\/\",\"url\":\"https:\/\/quanergy.com\/applications\/industrial\/agv-amr-forklifts\/\",\"name\":\"AGV AMR Forklifts - Quanergy Solutions Inc\",\"isPartOf\":{\"@id\":\"https:\/\/quanergy.com\/#website\"},\"datePublished\":\"2024-12-09T14:33:33+00:00\",\"dateModified\":\"2024-12-09T15:22:43+00:00\",\"breadcrumb\":{\"@id\":\"https:\/\/quanergy.com\/applications\/industrial\/agv-amr-forklifts\/#breadcrumb\"},\"inLanguage\":\"fr-FR\",\"potentialAction\":[{\"@type\":\"ReadAction\",\"target\":[\"https:\/\/quanergy.com\/applications\/industrial\/agv-amr-forklifts\/\"]}]},{\"@type\":\"BreadcrumbList\",\"@id\":\"https:\/\/quanergy.com\/applications\/industrial\/agv-amr-forklifts\/#breadcrumb\",\"itemListElement\":[{\"@type\":\"ListItem\",\"position\":1,\"name\":\"Home\",\"item\":\"https:\/\/quanergy.com\/\"},{\"@type\":\"ListItem\",\"position\":2,\"name\":\"Applications\",\"item\":\"https:\/\/quanergy.com\/applications\/\"},{\"@type\":\"ListItem\",\"position\":3,\"name\":\"Industrial Automation Applications\",\"item\":\"https:\/\/quanergy.com\/applications\/industrial\/\"},{\"@type\":\"ListItem\",\"position\":4,\"name\":\"AGV AMR Forklifts\"}]},{\"@type\":\"WebSite\",\"@id\":\"https:\/\/quanergy.com\/#website\",\"url\":\"https:\/\/quanergy.com\/\",\"name\":\"Quanergy Solutions Inc\",\"description\":\"3D LiDAR Solutions for Security and Industrial Uses\",\"publisher\":{\"@id\":\"https:\/\/quanergy.com\/#organization\"},\"potentialAction\":[{\"@type\":\"SearchAction\",\"target\":{\"@type\":\"EntryPoint\",\"urlTemplate\":\"https:\/\/quanergy.com\/?s={search_term_string}\"},\"query-input\":{\"@type\":\"PropertyValueSpecification\",\"valueRequired\":true,\"valueName\":\"search_term_string\"}}],\"inLanguage\":\"fr-FR\"},{\"@type\":[\"Organization\",\"Place\"],\"@id\":\"https:\/\/quanergy.com\/#organization\",\"name\":\"Quanergy Solutions\",\"url\":\"https:\/\/quanergy.com\/\",\"logo\":{\"@id\":\"https:\/\/quanergy.com\/applications\/industrial\/agv-amr-forklifts\/#local-main-organization-logo\"},\"image\":{\"@id\":\"https:\/\/quanergy.com\/applications\/industrial\/agv-amr-forklifts\/#local-main-organization-logo\"},\"sameAs\":[\"https:\/\/www.facebook.com\/quanergy\",\"https:\/\/x.com\/quanergy\"],\"description\":\"Quanergy transforms motion into intelligence with 3D LiDAR-powered solutions that help organizations see beyond camera-only limitations, reduce false alarms, and drive operational excellence. Solutions span datacenters, critical infrastructure, transportation, smart spaces, and industrial automation, with privacy-safe analytics and deep ecosystem integrations.\",\"legalName\":\"Quanergy Solutions Inc.\",\"foundingDate\":\"2023-02-14\",\"numberOfEmployees\":{\"@type\":\"QuantitativeValue\",\"minValue\":\"11\",\"maxValue\":\"50\"},\"telephone\":[],\"openingHoursSpecification\":[{\"@type\":\"OpeningHoursSpecification\",\"dayOfWeek\":[\"Monday\",\"Tuesday\",\"Wednesday\",\"Thursday\",\"Friday\",\"Saturday\",\"Sunday\"],\"opens\":\"09:00\",\"closes\":\"17:00\"}]},{\"@type\":\"ImageObject\",\"inLanguage\":\"fr-FR\",\"@id\":\"https:\/\/quanergy.com\/applications\/industrial\/agv-amr-forklifts\/#local-main-organization-logo\",\"url\":\"https:\/\/quanergy.com\/wp-content\/uploads\/Quanergy-Solutions.png\",\"contentUrl\":\"https:\/\/quanergy.com\/wp-content\/uploads\/Quanergy-Solutions.png\",\"width\":696,\"height\":696,\"caption\":\"Quanergy Solutions\"}]}<\/script>\n<!-- \/ Yoast SEO Premium plugin. -->","yoast_head_json":{"title":"AGV AMR Forklifts - Quanergy Solutions Inc","robots":{"index":"index","follow":"follow","max-snippet":"max-snippet:-1","max-image-preview":"max-image-preview:large","max-video-preview":"max-video-preview:-1"},"canonical":"https:\/\/quanergy.com\/fr\/applications\/industrial\/agv-amr-forklifts\/","og_locale":"fr_FR","og_type":"article","og_title":"AGV AMR Forklifts","og_url":"https:\/\/quanergy.com\/fr\/applications\/industrial\/agv-amr-forklifts\/","og_site_name":"Quanergy Solutions Inc","article_publisher":"https:\/\/www.facebook.com\/quanergy","article_modified_time":"2024-12-09T15:22:43+00:00","twitter_card":"summary_large_image","twitter_site":"@quanergy","twitter_misc":{"Dur\u00e9e de lecture estim\u00e9e":"2 minutes"},"schema":{"@context":"https:\/\/schema.org","@graph":[{"@type":"WebPage","@id":"https:\/\/quanergy.com\/applications\/industrial\/agv-amr-forklifts\/","url":"https:\/\/quanergy.com\/applications\/industrial\/agv-amr-forklifts\/","name":"AGV AMR Forklifts - Quanergy Solutions Inc","isPartOf":{"@id":"https:\/\/quanergy.com\/#website"},"datePublished":"2024-12-09T14:33:33+00:00","dateModified":"2024-12-09T15:22:43+00:00","breadcrumb":{"@id":"https:\/\/quanergy.com\/applications\/industrial\/agv-amr-forklifts\/#breadcrumb"},"inLanguage":"fr-FR","potentialAction":[{"@type":"ReadAction","target":["https:\/\/quanergy.com\/applications\/industrial\/agv-amr-forklifts\/"]}]},{"@type":"BreadcrumbList","@id":"https:\/\/quanergy.com\/applications\/industrial\/agv-amr-forklifts\/#breadcrumb","itemListElement":[{"@type":"ListItem","position":1,"name":"Home","item":"https:\/\/quanergy.com\/"},{"@type":"ListItem","position":2,"name":"Applications","item":"https:\/\/quanergy.com\/applications\/"},{"@type":"ListItem","position":3,"name":"Industrial Automation Applications","item":"https:\/\/quanergy.com\/applications\/industrial\/"},{"@type":"ListItem","position":4,"name":"AGV AMR Forklifts"}]},{"@type":"WebSite","@id":"https:\/\/quanergy.com\/#website","url":"https:\/\/quanergy.com\/","name":"Quanergy Solutions Inc","description":"Solutions LiDAR 3D pour la s\u00e9curit\u00e9 et l'industrie","publisher":{"@id":"https:\/\/quanergy.com\/#organization"},"potentialAction":[{"@type":"SearchAction","target":{"@type":"EntryPoint","urlTemplate":"https:\/\/quanergy.com\/?s={search_term_string}"},"query-input":{"@type":"PropertyValueSpecification","valueRequired":true,"valueName":"search_term_string"}}],"inLanguage":"fr-FR"},{"@type":["Organization","Place"],"@id":"https:\/\/quanergy.com\/#organization","name":"Quanergy Solutions","url":"https:\/\/quanergy.com\/","logo":{"@id":"https:\/\/quanergy.com\/applications\/industrial\/agv-amr-forklifts\/#local-main-organization-logo"},"image":{"@id":"https:\/\/quanergy.com\/applications\/industrial\/agv-amr-forklifts\/#local-main-organization-logo"},"sameAs":["https:\/\/www.facebook.com\/quanergy","https:\/\/x.com\/quanergy"],"description":"Quanergy transforms motion into intelligence with 3D LiDAR-powered solutions that help organizations see beyond camera-only limitations, reduce false alarms, and drive operational excellence. Solutions span datacenters, critical infrastructure, transportation, smart spaces, and industrial automation, with privacy-safe analytics and deep ecosystem integrations.","legalName":"Quanergy Solutions Inc.","foundingDate":"2023-02-14","numberOfEmployees":{"@type":"QuantitativeValue","minValue":"11","maxValue":"50"},"telephone":[],"openingHoursSpecification":[{"@type":"OpeningHoursSpecification","dayOfWeek":["Monday","Tuesday","Wednesday","Thursday","Friday","Saturday","Sunday"],"opens":"09:00","closes":"17:00"}]},{"@type":"ImageObject","inLanguage":"fr-FR","@id":"https:\/\/quanergy.com\/applications\/industrial\/agv-amr-forklifts\/#local-main-organization-logo","url":"https:\/\/quanergy.com\/wp-content\/uploads\/Quanergy-Solutions.png","contentUrl":"https:\/\/quanergy.com\/wp-content\/uploads\/Quanergy-Solutions.png","width":696,"height":696,"caption":"Quanergy Solutions"}]}},"_links":{"self":[{"href":"https:\/\/quanergy.com\/fr\/wp-json\/wp\/v2\/pages\/1763","targetHints":{"allow":["GET"]}}],"collection":[{"href":"https:\/\/quanergy.com\/fr\/wp-json\/wp\/v2\/pages"}],"about":[{"href":"https:\/\/quanergy.com\/fr\/wp-json\/wp\/v2\/types\/page"}],"author":[{"embeddable":true,"href":"https:\/\/quanergy.com\/fr\/wp-json\/wp\/v2\/users\/1"}],"replies":[{"embeddable":true,"href":"https:\/\/quanergy.com\/fr\/wp-json\/wp\/v2\/comments?post=1763"}],"version-history":[{"count":9,"href":"https:\/\/quanergy.com\/fr\/wp-json\/wp\/v2\/pages\/1763\/revisions"}],"predecessor-version":[{"id":1789,"href":"https:\/\/quanergy.com\/fr\/wp-json\/wp\/v2\/pages\/1763\/revisions\/1789"}],"up":[{"embeddable":true,"href":"https:\/\/quanergy.com\/fr\/wp-json\/wp\/v2\/pages\/744"}],"wp:attachment":[{"href":"https:\/\/quanergy.com\/fr\/wp-json\/wp\/v2\/media?parent=1763"}],"curies":[{"name":"wp","href":"https:\/\/api.w.org\/{rel}","templated":true}]}}