{"id":1792,"date":"2024-12-09T13:15:47","date_gmt":"2024-12-09T17:15:47","guid":{"rendered":"https:\/\/quanrg.lrgstaging.com\/?page_id=1792"},"modified":"2024-12-09T13:51:28","modified_gmt":"2024-12-09T17:51:28","slug":"request-a-demo","status":"publish","type":"page","link":"https:\/\/quanergy.com\/fr\/about\/request-a-demo\/","title":{"rendered":"Demander une d\u00e9monstration"},"content":{"rendered":"<p><div class=\"fusion-fullwidth fullwidth-box fusion-builder-row-1 fusion-flex-container video-background has-pattern-background has-mask-background nonhundred-percent-fullwidth non-hundred-percent-height-scrolling\" style=\"--awb-border-radius-top-left:0px;--awb-border-radius-top-right:0px;--awb-border-radius-bottom-right:0px;--awb-border-radius-bottom-left:0px;--awb-margin-top:-60px;--awb-flex-wrap:wrap;\" ><div class=\"fullwidth-video\"><video preload=\"auto\" autoplay playsinline loop muted><source src=\"\/wp-content\/uploads\/downloads2.mp4\" type=\"video\/mp4\"><\/video><\/div><div class=\"fusion-builder-row fusion-row fusion-flex-align-items-flex-start fusion-flex-content-wrap\" style=\"max-width:1248px;margin-left: calc(-4% \/ 2 );margin-right: calc(-4% \/ 2 );\"><div class=\"fusion-layout-column fusion_builder_column fusion-builder-column-0 fusion_builder_column_1_1 1_1 fusion-flex-column\" style=\"--awb-bg-size:cover;--awb-width-large:100%;--awb-margin-top-large:0px;--awb-spacing-right-large:1.92%;--awb-margin-bottom-large:20px;--awb-spacing-left-large:1.92%;--awb-width-medium:100%;--awb-order-medium:0;--awb-spacing-right-medium:1.92%;--awb-spacing-left-medium:1.92%;--awb-width-small:100%;--awb-order-small:0;--awb-spacing-right-small:1.92%;--awb-spacing-left-small:1.92%;\"><div class=\"fusion-column-wrapper fusion-column-has-shadow fusion-flex-justify-content-flex-start fusion-content-layout-column\"><div class=\"fusion-title title fusion-title-1 fusion-sep-none fusion-title-center fusion-title-text fusion-title-size-one\" style=\"--awb-margin-top:80px;--awb-margin-bottom:80px;\"><h1 class=\"fusion-title-heading title-heading-center\" style=\"margin:0;\"><p style=\"text-align: center;\"><span style=\"color: #ffffff;\">Demander une d\u00e9monstration<br \/>\n<\/span><\/p><\/h1><\/div><\/div><\/div><\/div><\/div><div class=\"fusion-fullwidth fullwidth-box fusion-builder-row-2 fusion-flex-container has-pattern-background has-mask-background nonhundred-percent-fullwidth non-hundred-percent-height-scrolling\" style=\"--awb-border-radius-top-left:0px;--awb-border-radius-top-right:0px;--awb-border-radius-bottom-right:0px;--awb-border-radius-bottom-left:0px;--awb-padding-top:40px;--awb-background-color:var(--awb-custom_color_1);--awb-flex-wrap:wrap;\" ><div class=\"fusion-builder-row fusion-row fusion-flex-align-items-flex-start fusion-flex-content-wrap\" style=\"max-width:1248px;margin-left: calc(-4% \/ 2 );margin-right: calc(-4% \/ 2 );\"><div class=\"fusion-layout-column fusion_builder_column fusion-builder-column-1 fusion_builder_column_3_5 3_5 fusion-flex-column\" style=\"--awb-bg-size:cover;--awb-width-large:60%;--awb-margin-top-large:0px;--awb-spacing-right-large:3.2%;--awb-margin-bottom-large:20px;--awb-spacing-left-large:3.2%;--awb-width-medium:60%;--awb-order-medium:0;--awb-spacing-right-medium:3.2%;--awb-spacing-left-medium:3.2%;--awb-width-small:100%;--awb-order-small:0;--awb-spacing-right-small:1.92%;--awb-spacing-left-small:1.92%;\"><div class=\"fusion-column-wrapper fusion-column-has-shadow fusion-flex-justify-content-flex-start fusion-content-layout-column\"><div class=\"fusion-title title fusion-title-2 fusion-sep-none fusion-title-text fusion-title-size-two\"><h2 class=\"fusion-title-heading title-heading-left\" style=\"margin:0;\"><h3>Si vous souhaitez une d\u00e9monstration personnalis\u00e9e, veuillez remplir ce formulaire :<\/h3><\/h2><\/div><div class=\"fusion-text fusion-text-1\"><div class=\"fusion-text fusion-text-2\">\n<p>Si les solutions LiDAR de Quanergy peuvent vous aider \u00e0 r\u00e9soudre votre probl\u00e8me, n'h\u00e9sitez pas \u00e0 nous contacter ! Vous pouvez nous contacter en appelant le num\u00e9ro de notre si\u00e8ge social, ou vous pouvez obtenir une r\u00e9ponse plus rapide en remplissant ce formulaire de demande.<\/p>\n<p>Si votre demande est de nature g\u00e9n\u00e9rale, veuillez utiliser le formulaire suivant <a href=\"\/fr\/about\/contact\/\">ce formulaire de contact<\/a> pour qu'elle parvienne \u00e0 notre si\u00e8ge afin que nous puissions prendre les mesures qui s'imposent.<\/p>\n<\/div>\n<\/div>\n<div class=\"wpcf7 no-js\" id=\"wpcf7-f1796-o1\" lang=\"en\" dir=\"ltr\" data-wpcf7-id=\"1796\">\n<div class=\"screen-reader-response\"><p role=\"status\" aria-live=\"polite\" aria-atomic=\"true\"><\/p> <ul><\/ul><\/div>\n<form action=\"\/fr\/wp-json\/wp\/v2\/pages\/1792#wpcf7-f1796-o1\" method=\"post\" class=\"wpcf7-form init\" aria-label=\"Formulaire de contact\" novalidate=\"novalidate\" data-status=\"init\" data-trp-original-action=\"\/fr\/wp-json\/wp\/v2\/pages\/1792#wpcf7-f1796-o1\">\n<fieldset class=\"hidden-fields-container\"><input type=\"hidden\" name=\"_wpcf7\" value=\"1796\" \/><input type=\"hidden\" name=\"_wpcf7_version\" value=\"6.1.5\" \/><input type=\"hidden\" name=\"_wpcf7_locale\" value=\"en\" \/><input type=\"hidden\" name=\"_wpcf7_unit_tag\" value=\"wpcf7-f1796-o1\" \/><input type=\"hidden\" name=\"_wpcf7_container_post\" value=\"0\" \/><input type=\"hidden\" name=\"_wpcf7_posted_data_hash\" value=\"\" \/>\n<\/fieldset>\n<div class=\"uacf7-form-wrapper-container uacf7-form-1796\"><label> Voici ma situation : \n<span class=\"wpcf7-form-control-wrap\" data-name=\"interest\"><select class=\"wpcf7-form-control wpcf7-select wpcf7-validates-as-required\" aria-required=\"true\" aria-invalid=\"false\" name=\"interest\"><option value=\"Immediate LiDAR Need\">Besoin imm\u00e9diat de LiDAR<\/option><option value=\"Need for a specific project soon\">Besoin d'un projet sp\u00e9cifique \u00e0 br\u00e8ve \u00e9ch\u00e9ance<\/option><option value=\"Looking for a Solution\">\u00c0 la recherche d'une solution<\/option><option value=\"Learning about LiDAR for future use\">Apprendre le LiDAR en vue d'une utilisation future<\/option><option value=\"Interested in learning about LiDAR\">Vous souhaitez en savoir plus sur LiDAR<\/option><\/select><\/span> <\/label>\n\n<label> Pr\u00e9nom*\n    <span class=\"wpcf7-form-control-wrap\" data-name=\"first-name\"><input size=\"40\" maxlength=\"400\" class=\"wpcf7-form-control wpcf7-text wpcf7-validates-as-required\" aria-required=\"true\" aria-invalid=\"false\" value=\"\" type=\"text\" name=\"first-name\" \/><\/span> <\/label>\n\n<label> Nom de famille*\n    <span class=\"wpcf7-form-control-wrap\" data-name=\"last-name\"><input size=\"40\" maxlength=\"400\" class=\"wpcf7-form-control wpcf7-text wpcf7-validates-as-required\" aria-required=\"true\" aria-invalid=\"false\" value=\"\" type=\"text\" name=\"last-name\" \/><\/span> <\/label>\n\n<label> Titre du poste\n    <span class=\"wpcf7-form-control-wrap\" data-name=\"job-title\"><input size=\"40\" maxlength=\"400\" class=\"wpcf7-form-control wpcf7-text\" aria-invalid=\"false\" value=\"\" type=\"text\" name=\"job-title\" \/><\/span> <\/label>\n\n<label> Entreprise\n    <span class=\"wpcf7-form-control-wrap\" data-name=\"company\"><input size=\"40\" maxlength=\"400\" class=\"wpcf7-form-control wpcf7-text\" aria-invalid=\"false\" value=\"\" type=\"text\" name=\"company\" \/><\/span> <\/label>\n\n<label> Votre email*\n    <span class=\"wpcf7-form-control-wrap\" data-name=\"your-email\"><input size=\"40\" maxlength=\"400\" class=\"wpcf7-form-control wpcf7-email wpcf7-validates-as-required wpcf7-text wpcf7-validates-as-email\" autocomplete=\"email\" aria-required=\"true\" aria-invalid=\"false\" value=\"\" type=\"email\" name=\"your-email\" \/><\/span> <\/label>\n\n<label> Votre t\u00e9l\u00e9phone\n    <span class=\"wpcf7-form-control-wrap\" data-name=\"tel-275\"><input size=\"40\" maxlength=\"400\" class=\"wpcf7-form-control wpcf7-tel wpcf7-text wpcf7-validates-as-tel\" aria-invalid=\"false\" value=\"\" type=\"tel\" name=\"tel-275\" \/><\/span> <\/label>\n\n<label> Pays\n    <span class=\"wpcf7-form-control-wrap\" data-name=\"country\"><input size=\"40\" maxlength=\"400\" class=\"wpcf7-form-control wpcf7-text\" aria-invalid=\"false\" value=\"\" type=\"text\" name=\"country\" \/><\/span> <\/label>\n\n<label> L'industrie\n    <span class=\"wpcf7-form-control-wrap\" data-name=\"Industry\"><select class=\"wpcf7-form-control wpcf7-select\" aria-invalid=\"false\" name=\"Industry\"><option value=\"Security\">S\u00e9curit\u00e9<\/option><option value=\"Smart Cities &amp; Spaces\">Villes et espaces intelligents<\/option><option value=\"Industrial\">Industriel<\/option><option value=\"Transportation\">Transport<\/option><option value=\"Mapping\">Cartographie<\/option><option value=\"Other\">Autres<\/option><\/select><\/span> <\/label>\n\n<label> Comment avez-vous entendu parler de nous ?\n    <span class=\"wpcf7-form-control-wrap\" data-name=\"source\"><select class=\"wpcf7-form-control wpcf7-select\" aria-invalid=\"false\" name=\"source\"><option value=\"Advertisement\">Publicit\u00e9<\/option><option value=\"Internet search\">Recherche sur Internet<\/option><option value=\"Referral\">Renvoi<\/option><option value=\"Social media\">M\u00e9dias sociaux<\/option><option value=\"Other\">Autres<\/option><\/select><\/span> <\/label>\n\n<label> Vous avez autre chose \u00e0 nous dire ?\n    <span class=\"wpcf7-form-control-wrap\" data-name=\"message\"><textarea cols=\"40\" rows=\"10\" maxlength=\"2000\" class=\"wpcf7-form-control wpcf7-textarea\" aria-invalid=\"false\" name=\"message\"><\/textarea><\/span> <\/label>\n<br>\nEn soumettant ce formulaire, vous acceptez notre politique de confidentialit\u00e9 et nos conditions d'utilisation. \n<br>\n<input class=\"wpcf7-form-control wpcf7-submit has-spinner\" type=\"submit\" value=\"Soumettre\" \/><\/div><input type=\"hidden\" id=\"ct_checkjs_cf7_9f53d83ec0691550f7d2507d57f4f5a2\" name=\"ct_checkjs_cf7\" value=\"0\" \/><script >setTimeout(function(){var ct_input_name = \"ct_checkjs_cf7_9f53d83ec0691550f7d2507d57f4f5a2\";if (document.getElementById(ct_input_name) !== null) {var ct_input_value = document.getElementById(ct_input_name).value;document.getElementById(ct_input_name).value = document.getElementById(ct_input_name).value.replace(ct_input_value, '6767a7e8608539aae0c10ea46c4d00f17270ade524ee1e289a2a7573409dd411');}}, 1000);<\/script><input\n                    class=\"apbct_special_field apbct_email_id__wp_contact_form_7\"\n                    name=\"apbct__email_id__wp_contact_form_7\"\n                    aria-label=\"apbct__label_id__wp_contact_form_7\"\n                    type=\"text\" size=\"30\" maxlength=\"200\" autocomplete=\"off\"\n                    value=\"\"\n                \/><div class=\"fusion-alert alert custom alert-custom fusion-alert-center wpcf7-response-output awb-alert-native-link-color alert-dismissable awb-alert-close-boxed\" style=\"--awb-border-size:1px;--awb-border-top-left-radius:0px;--awb-border-top-right-radius:0px;--awb-border-bottom-left-radius:0px;--awb-border-bottom-right-radius:0px;\" role=\"alert\"><div class=\"fusion-alert-content-wrapper\"><span class=\"fusion-alert-content\"><\/span><\/div><button type=\"button\" class=\"close toggle-alert\" data-dismiss=\"alert\" aria-label=\"Close\">\u00d7<\/button><\/div>\n<input type=\"hidden\" name=\"trp-form-language\" value=\"fr\"\/><\/form>\n<\/div>\n<\/div><\/div><div class=\"fusion-layout-column fusion_builder_column fusion-builder-column-2 fusion_builder_column_2_5 2_5 fusion-flex-column\" style=\"--awb-padding-top:15px;--awb-padding-right:15px;--awb-padding-bottom:15px;--awb-padding-left:15px;--awb-bg-size:cover;--awb-border-color:var(--awb-color5);--awb-border-top:2px;--awb-border-right:2px;--awb-border-bottom:2px;--awb-border-left:2px;--awb-border-style:solid;--awb-width-large:40%;--awb-margin-top-large:0px;--awb-spacing-right-large:4.8%;--awb-margin-bottom-large:20px;--awb-spacing-left-large:4.8%;--awb-width-medium:40%;--awb-order-medium:0;--awb-spacing-right-medium:4.8%;--awb-spacing-left-medium:4.8%;--awb-width-small:100%;--awb-order-small:0;--awb-spacing-right-small:1.92%;--awb-spacing-left-small:1.92%;\" data-scroll-devices=\"small-visibility,medium-visibility,large-visibility\"><div class=\"fusion-column-wrapper fusion-column-has-shadow fusion-flex-justify-content-flex-start fusion-content-layout-column\"><div class=\"fusion-text fusion-text-2\"><h2>Si\u00e8ge de San Jose<\/h2>\n<p>128 Baytech Drive<br \/>\nSan Jose, CA 95134<br \/>\n<a href=\"mailto:in**@******gy.com\" data-original-string=\"KTbo04jSBKmARnBHFR685g==d9b0DLwsEr5TAMhpuv96QI6M+kGaYcDvn5HVKOGjo6WHA8=\" title=\"This contact has been encoded by Anti-Spam by CleanTalk. Click to decode. To finish the decoding make sure that JavaScript is enabled in your browser.\"><span \n                data-original-string='poIvEcPl92Fu1A0GG3bL7A==d9bQTBGBWdxujvIUJ9FEGrzORIgmPuzwmSInb\/U\/TGRjm8='\n                class='apbct-email-encoder'\n                title='This contact has been encoded by Anti-Spam by CleanTalk. Click to decode. To finish the decoding make sure that JavaScript is enabled in your browser.'>en<span class=\"apbct-blur\">**<\/span>@<span class=\"apbct-blur\">******<\/span>gy.com<\/span><\/a><\/p>\n<p>T\u00e9l : +1 (408) 245-9500<br \/>\nFax : +1 (408) 245-9503<\/p>\n<\/div><\/div><\/div><\/div><\/div><\/p>","protected":false},"excerpt":{"rendered":"","protected":false},"author":1,"featured_media":0,"parent":1068,"menu_order":0,"comment_status":"closed","ping_status":"closed","template":"100-width.php","meta":{"footnotes":""},"class_list":["post-1792","page","type-page","status-publish","hentry"],"yoast_head":"<!-- This site is optimized with the Yoast SEO Premium plugin v26.8 (Yoast SEO v26.8) - https:\/\/yoast.com\/product\/yoast-seo-premium-wordpress\/ -->\n<title>Request a Demo - Quanergy Solutions Inc<\/title>\n<meta name=\"robots\" content=\"index, follow, max-snippet:-1, max-image-preview:large, max-video-preview:-1\" \/>\n<link rel=\"canonical\" href=\"https:\/\/quanergy.com\/fr\/about\/request-a-demo\/\" \/>\n<meta property=\"og:locale\" content=\"fr_FR\" \/>\n<meta property=\"og:type\" content=\"article\" \/>\n<meta property=\"og:title\" content=\"Request a Demo\" \/>\n<meta property=\"og:url\" content=\"https:\/\/quanergy.com\/fr\/about\/request-a-demo\/\" \/>\n<meta property=\"og:site_name\" content=\"Quanergy Solutions Inc\" \/>\n<meta property=\"article:publisher\" content=\"https:\/\/www.facebook.com\/quanergy\" \/>\n<meta property=\"article:modified_time\" content=\"2024-12-09T17:51:28+00:00\" \/>\n<meta name=\"twitter:card\" content=\"summary_large_image\" \/>\n<meta name=\"twitter:site\" content=\"@quanergy\" \/>\n<meta name=\"twitter:label1\" content=\"Dur\u00e9e de lecture estim\u00e9e\" \/>\n\t<meta name=\"twitter:data1\" content=\"1 minute\" \/>\n<script type=\"application\/ld+json\" class=\"yoast-schema-graph\">{\"@context\":\"https:\/\/schema.org\",\"@graph\":[{\"@type\":\"WebPage\",\"@id\":\"https:\/\/quanergy.com\/about\/request-a-demo\/\",\"url\":\"https:\/\/quanergy.com\/about\/request-a-demo\/\",\"name\":\"Request a Demo - Quanergy Solutions Inc\",\"isPartOf\":{\"@id\":\"https:\/\/quanergy.com\/#website\"},\"datePublished\":\"2024-12-09T17:15:47+00:00\",\"dateModified\":\"2024-12-09T17:51:28+00:00\",\"breadcrumb\":{\"@id\":\"https:\/\/quanergy.com\/about\/request-a-demo\/#breadcrumb\"},\"inLanguage\":\"fr-FR\",\"potentialAction\":[{\"@type\":\"ReadAction\",\"target\":[\"https:\/\/quanergy.com\/about\/request-a-demo\/\"]}]},{\"@type\":\"BreadcrumbList\",\"@id\":\"https:\/\/quanergy.com\/about\/request-a-demo\/#breadcrumb\",\"itemListElement\":[{\"@type\":\"ListItem\",\"position\":1,\"name\":\"Home\",\"item\":\"https:\/\/quanergy.com\/\"},{\"@type\":\"ListItem\",\"position\":2,\"name\":\"About\",\"item\":\"https:\/\/quanergy.com\/about\/\"},{\"@type\":\"ListItem\",\"position\":3,\"name\":\"Request a Demo\"}]},{\"@type\":\"WebSite\",\"@id\":\"https:\/\/quanergy.com\/#website\",\"url\":\"https:\/\/quanergy.com\/\",\"name\":\"Quanergy Solutions Inc\",\"description\":\"3D LiDAR Solutions for Security and Industrial Uses\",\"publisher\":{\"@id\":\"https:\/\/quanergy.com\/#organization\"},\"potentialAction\":[{\"@type\":\"SearchAction\",\"target\":{\"@type\":\"EntryPoint\",\"urlTemplate\":\"https:\/\/quanergy.com\/?s={search_term_string}\"},\"query-input\":{\"@type\":\"PropertyValueSpecification\",\"valueRequired\":true,\"valueName\":\"search_term_string\"}}],\"inLanguage\":\"fr-FR\"},{\"@type\":[\"Organization\",\"Place\"],\"@id\":\"https:\/\/quanergy.com\/#organization\",\"name\":\"Quanergy Solutions\",\"url\":\"https:\/\/quanergy.com\/\",\"logo\":{\"@id\":\"https:\/\/quanergy.com\/about\/request-a-demo\/#local-main-organization-logo\"},\"image\":{\"@id\":\"https:\/\/quanergy.com\/about\/request-a-demo\/#local-main-organization-logo\"},\"sameAs\":[\"https:\/\/www.facebook.com\/quanergy\",\"https:\/\/x.com\/quanergy\"],\"description\":\"Quanergy transforms motion into intelligence with 3D LiDAR-powered solutions that help organizations see beyond camera-only limitations, reduce false alarms, and drive operational excellence. Solutions span datacenters, critical infrastructure, transportation, smart spaces, and industrial automation, with privacy-safe analytics and deep ecosystem integrations.\",\"legalName\":\"Quanergy Solutions Inc.\",\"foundingDate\":\"2023-02-14\",\"numberOfEmployees\":{\"@type\":\"QuantitativeValue\",\"minValue\":\"11\",\"maxValue\":\"50\"},\"telephone\":[],\"openingHoursSpecification\":[{\"@type\":\"OpeningHoursSpecification\",\"dayOfWeek\":[\"Monday\",\"Tuesday\",\"Wednesday\",\"Thursday\",\"Friday\",\"Saturday\",\"Sunday\"],\"opens\":\"09:00\",\"closes\":\"17:00\"}]},{\"@type\":\"ImageObject\",\"inLanguage\":\"fr-FR\",\"@id\":\"https:\/\/quanergy.com\/about\/request-a-demo\/#local-main-organization-logo\",\"url\":\"https:\/\/quanergy.com\/wp-content\/uploads\/Quanergy-Solutions.png\",\"contentUrl\":\"https:\/\/quanergy.com\/wp-content\/uploads\/Quanergy-Solutions.png\",\"width\":696,\"height\":696,\"caption\":\"Quanergy Solutions\"}]}<\/script>\n<!-- \/ Yoast SEO Premium plugin. -->","yoast_head_json":{"title":"Request a Demo - Quanergy Solutions Inc","robots":{"index":"index","follow":"follow","max-snippet":"max-snippet:-1","max-image-preview":"max-image-preview:large","max-video-preview":"max-video-preview:-1"},"canonical":"https:\/\/quanergy.com\/fr\/about\/request-a-demo\/","og_locale":"fr_FR","og_type":"article","og_title":"Request a Demo","og_url":"https:\/\/quanergy.com\/fr\/about\/request-a-demo\/","og_site_name":"Quanergy Solutions Inc","article_publisher":"https:\/\/www.facebook.com\/quanergy","article_modified_time":"2024-12-09T17:51:28+00:00","twitter_card":"summary_large_image","twitter_site":"@quanergy","twitter_misc":{"Dur\u00e9e de lecture estim\u00e9e":"1 minute"},"schema":{"@context":"https:\/\/schema.org","@graph":[{"@type":"WebPage","@id":"https:\/\/quanergy.com\/about\/request-a-demo\/","url":"https:\/\/quanergy.com\/about\/request-a-demo\/","name":"Request a Demo - Quanergy Solutions Inc","isPartOf":{"@id":"https:\/\/quanergy.com\/#website"},"datePublished":"2024-12-09T17:15:47+00:00","dateModified":"2024-12-09T17:51:28+00:00","breadcrumb":{"@id":"https:\/\/quanergy.com\/about\/request-a-demo\/#breadcrumb"},"inLanguage":"fr-FR","potentialAction":[{"@type":"ReadAction","target":["https:\/\/quanergy.com\/about\/request-a-demo\/"]}]},{"@type":"BreadcrumbList","@id":"https:\/\/quanergy.com\/about\/request-a-demo\/#breadcrumb","itemListElement":[{"@type":"ListItem","position":1,"name":"Home","item":"https:\/\/quanergy.com\/"},{"@type":"ListItem","position":2,"name":"About","item":"https:\/\/quanergy.com\/about\/"},{"@type":"ListItem","position":3,"name":"Request a Demo"}]},{"@type":"WebSite","@id":"https:\/\/quanergy.com\/#website","url":"https:\/\/quanergy.com\/","name":"Quanergy Solutions Inc","description":"Solutions LiDAR 3D pour la s\u00e9curit\u00e9 et l'industrie","publisher":{"@id":"https:\/\/quanergy.com\/#organization"},"potentialAction":[{"@type":"SearchAction","target":{"@type":"EntryPoint","urlTemplate":"https:\/\/quanergy.com\/?s={search_term_string}"},"query-input":{"@type":"PropertyValueSpecification","valueRequired":true,"valueName":"search_term_string"}}],"inLanguage":"fr-FR"},{"@type":["Organization","Place"],"@id":"https:\/\/quanergy.com\/#organization","name":"Quanergy Solutions","url":"https:\/\/quanergy.com\/","logo":{"@id":"https:\/\/quanergy.com\/about\/request-a-demo\/#local-main-organization-logo"},"image":{"@id":"https:\/\/quanergy.com\/about\/request-a-demo\/#local-main-organization-logo"},"sameAs":["https:\/\/www.facebook.com\/quanergy","https:\/\/x.com\/quanergy"],"description":"Quanergy transforms motion into intelligence with 3D LiDAR-powered solutions that help organizations see beyond camera-only limitations, reduce false alarms, and drive operational excellence. Solutions span datacenters, critical infrastructure, transportation, smart spaces, and industrial automation, with privacy-safe analytics and deep ecosystem integrations.","legalName":"Quanergy Solutions Inc.","foundingDate":"2023-02-14","numberOfEmployees":{"@type":"QuantitativeValue","minValue":"11","maxValue":"50"},"telephone":[],"openingHoursSpecification":[{"@type":"OpeningHoursSpecification","dayOfWeek":["Monday","Tuesday","Wednesday","Thursday","Friday","Saturday","Sunday"],"opens":"09:00","closes":"17:00"}]},{"@type":"ImageObject","inLanguage":"fr-FR","@id":"https:\/\/quanergy.com\/about\/request-a-demo\/#local-main-organization-logo","url":"https:\/\/quanergy.com\/wp-content\/uploads\/Quanergy-Solutions.png","contentUrl":"https:\/\/quanergy.com\/wp-content\/uploads\/Quanergy-Solutions.png","width":696,"height":696,"caption":"Quanergy Solutions"}]}},"_links":{"self":[{"href":"https:\/\/quanergy.com\/fr\/wp-json\/wp\/v2\/pages\/1792","targetHints":{"allow":["GET"]}}],"collection":[{"href":"https:\/\/quanergy.com\/fr\/wp-json\/wp\/v2\/pages"}],"about":[{"href":"https:\/\/quanergy.com\/fr\/wp-json\/wp\/v2\/types\/page"}],"author":[{"embeddable":true,"href":"https:\/\/quanergy.com\/fr\/wp-json\/wp\/v2\/users\/1"}],"replies":[{"embeddable":true,"href":"https:\/\/quanergy.com\/fr\/wp-json\/wp\/v2\/comments?post=1792"}],"version-history":[{"count":2,"href":"https:\/\/quanergy.com\/fr\/wp-json\/wp\/v2\/pages\/1792\/revisions"}],"predecessor-version":[{"id":1799,"href":"https:\/\/quanergy.com\/fr\/wp-json\/wp\/v2\/pages\/1792\/revisions\/1799"}],"up":[{"embeddable":true,"href":"https:\/\/quanergy.com\/fr\/wp-json\/wp\/v2\/pages\/1068"}],"wp:attachment":[{"href":"https:\/\/quanergy.com\/fr\/wp-json\/wp\/v2\/media?parent=1792"}],"curies":[{"name":"wp","href":"https:\/\/api.w.org\/{rel}","templated":true}]}}